{"id":530,"date":"2020-12-31T13:00:57","date_gmt":"2020-12-31T12:00:57","guid":{"rendered":"https:\/\/www.triestebedandbreakfast.it\/politica-de-cookies\/"},"modified":"2021-01-09T22:59:26","modified_gmt":"2021-01-09T21:59:26","slug":"politica-de-cookies","status":"publish","type":"page","link":"https:\/\/www.triestebedandbreakfast.it\/es\/politica-de-cookies\/","title":{"rendered":"Pol\u00edtica de cookies"},"content":{"rendered":"<p>[et_pb_section fb_built=&#8221;1&#8243; _builder_version=&#8221;3.22&#8243;][et_pb_row _builder_version=&#8221;3.25&#8243; background_size=&#8221;initial&#8221; background_position=&#8221;top_left&#8221; background_repeat=&#8221;repeat&#8221;][et_pb_column type=&#8221;4_4&#8243; _builder_version=&#8221;3.25&#8243; custom_padding=&#8221;|||&#8221; custom_padding__hover=&#8221;|||&#8221;][et_pb_text _builder_version=&#8221;4.7.7&#8243; background_size=&#8221;initial&#8221; background_position=&#8221;top_left&#8221; background_repeat=&#8221;repeat&#8221;]<\/p>\n<div class=\"cli_pg_page_contaner\">\n<h3>Informaci\u00f3n sobre esta pol\u00edtica de cookies<\/h3>\n<div>Esta Pol\u00edtica de cookies explica qu\u00e9 son las cookies y c\u00f3mo las usamos. Debe leer esta pol\u00edtica para comprender qu\u00e9 son las cookies, c\u00f3mo las usamos, los tipos de cookies que usamos, es decir, la informaci\u00f3n que recopilamos usando cookies y c\u00f3mo se usa esa informaci\u00f3n y c\u00f3mo controlar las preferencias de cookies. Para obtener m\u00e1s informaci\u00f3n sobre c\u00f3mo usamos, almacenamos y protegemos sus datos personales, consulte nuestra Pol\u00edtica de privacidad.Puede cambiar o retirar su consentimiento en cualquier momento de la Declaraci\u00f3n de cookies en nuestro sitio web.Obtenga m\u00e1s informaci\u00f3n sobre qui\u00e9nes somos, c\u00f3mo puede cont\u00e1ctenos y c\u00f3mo procesamos los datos personales en nuestra Pol\u00edtica de privacidad.Su consentimiento se aplica a los siguientes dominios: triestebedandbreakfast.it<div class=\"cli_user_consent_state\">Tu estado actual: No se ha dado el consentimiento. <a class=\"cli_manage_current_consent\" style=\"cursor:pointer;text-decoration:underline;\">Gestiona tu consentimiento.<\/a> <\/div><\/div>\n<h3>\u00a0<\/h3>\n<h3>\u00bfQu\u00e9 son las cookies?<\/h3>\n<div>Las cookies son peque\u00f1os archivos de texto que se utilizan para almacenar peque\u00f1a informaci\u00f3n. Las cookies se almacenan en su dispositivo cuando el sitio web se carga en su navegador. Estas cookies nos ayudan a hacer que el sitio web funcione correctamente, hacerlo m\u00e1s seguro, brindar una mejor experiencia de usuario y comprender c\u00f3mo funciona el sitio web y analizar qu\u00e9 funciona y d\u00f3nde necesita mejorar.<\/div>\n<h3>\u00a0<\/h3>\n<h3>C\u00f3mo usamos las cookies?<\/h3>\n<div>Como la mayor\u00eda de los servicios en l\u00ednea, nuestro sitio web utiliza cookies de origen y cookies de terceros para diversos fines. Las cookies patentadas son principalmente necesarias para que el sitio web funcione correctamente y no recopilan ninguno de sus datos de identificaci\u00f3n personal. Las cookies de terceros utilizadas en nuestros sitios web se utilizan principalmente para comprender c\u00f3mo funciona el sitio web, c\u00f3mo interact\u00faa con nuestro sitio web, mantener nuestros servicios seguros, entregar anuncios que sean relevantes para usted y, en general, brindarle una experiencia de usuario mejor y mejorada y ayudar a acelerar las interacciones futuras con nuestro sitio web.<\/div>\n<h3>\u00a0<\/h3>\n<h3>\u00bfQu\u00e9 tipos de cookies utilizamos?<\/h3>\n<div>Esencial: algunas cookies son esenciales para poder experimentar la funcionalidad completa de nuestro sitio. Nos permiten mantener las sesiones de los usuarios y prevenir cualquier amenaza a la seguridad. No recopilan ni almacenan ninguna informaci\u00f3n personal. Por ejemplo, estas cookies le permiten iniciar sesi\u00f3n en su cuenta, agregar productos a su carrito y pagar de forma segura Estad\u00edsticas: estas cookies almacenan informaci\u00f3n como la cantidad de visitantes al sitio web, la cantidad de visitantes \u00fanicos, como las p\u00e1ginas del sitio. Web visitada, origen de la visita, etc. Estos datos nos ayudan a comprender y analizar c\u00f3mo se est\u00e1 desempe\u00f1ando el sitio web y d\u00f3nde necesita mejoras. Marketing: Nuestro sitio web muestra anuncios. Estas cookies se utilizan para personalizar los anuncios que le mostramos para que sean significativos para usted. Estas cookies tambi\u00e9n nos ayudan a realizar un seguimiento de la eficacia de estas campa\u00f1as publicitarias. La informaci\u00f3n almacenada en estas cookies tambi\u00e9n puede ser utilizada por proveedores de publicidad de terceros para mostrarle anuncios en otros sitios web, as\u00ed como en su navegador. Funcional: Estas son cookies. que ayudan a ciertas funciones no esenciales en nuestro sitio web. Estas caracter\u00edsticas incluyen incrustar contenido como videos o compartir contenido en el sitio web en plataformas de redes sociales.Preferencias: Estas cookies nos ayudan a almacenar su configuraci\u00f3n de navegaci\u00f3n y preferencias, como las preferencias de idioma, para que tenga una experiencia mejor y eficiente en futuras visitas al sitio web.<\/div>\n<h3>\u00a0<\/h3>\n<h3>\u00bfC\u00f3mo puedo controlar las preferencias de las cookies?<\/h3>\n<div>Si decide cambiar sus preferencias m\u00e1s adelante durante la sesi\u00f3n de navegaci\u00f3n, puede hacer clic en la pesta\u00f1a &#8220;Pol\u00edtica de privacidad y cookies&#8221; en la pantalla. Esto mostrar\u00e1 nuevamente el aviso de consentimiento que le permitir\u00e1 cambiar sus preferencias o retirar completamente su consentimiento.Adem\u00e1s de esto, diferentes navegadores proporcionan diferentes m\u00e9todos para bloquear y eliminar las cookies utilizadas por los sitios web. Puede cambiar la configuraci\u00f3n de su navegador para bloquear \/ eliminar cookies. Para obtener m\u00e1s informaci\u00f3n sobre c\u00f3mo administrar y eliminar cookies, visite wikipedia.org, www.allaboutcookies.org.<\/div>\n<\/div>\n<p>&nbsp;<\/p>\n\n<p><\/p><p>[\/et_pb_text][\/et_pb_column][\/et_pb_row][\/et_pb_section]<\/p>\n","protected":false},"excerpt":{"rendered":"<p>Informaci\u00f3n sobre esta pol\u00edtica de cookies Esta Pol\u00edtica de cookies explica qu\u00e9 son las cookies y c\u00f3mo las usamos. Debe leer esta pol\u00edtica para comprender qu\u00e9 son las cookies, c\u00f3mo las usamos, los tipos de cookies que usamos, es decir, la informaci\u00f3n que recopilamos usando cookies y c\u00f3mo se usa esa informaci\u00f3n y c\u00f3mo controlar [&hellip;]<\/p>\n","protected":false},"author":1,"featured_media":0,"parent":0,"menu_order":0,"comment_status":"closed","ping_status":"closed","template":"","meta":{"_et_pb_use_builder":"on","_et_pb_old_content":"","_et_gb_content_width":"","footnotes":""},"folder":[],"class_list":["post-530","page","type-page","status-publish","hentry"],"yoast_head":"<!-- This site is optimized with the Yoast SEO plugin v23.9 - https:\/\/yoast.com\/wordpress\/plugins\/seo\/ -->\n<title>Pol\u00edtica de cookies - Trieste Bed &amp; Breakfast<\/title>\n<meta name=\"robots\" content=\"index, follow, max-snippet:-1, max-image-preview:large, max-video-preview:-1\" \/>\n<link rel=\"canonical\" href=\"https:\/\/www.triestebedandbreakfast.it\/es\/politica-de-cookies\/\" \/>\n<meta property=\"og:locale\" content=\"es_ES\" \/>\n<meta property=\"og:type\" content=\"article\" \/>\n<meta property=\"og:title\" content=\"Pol\u00edtica de cookies - Trieste Bed &amp; Breakfast\" \/>\n<meta property=\"og:description\" content=\"Informaci\u00f3n sobre esta pol\u00edtica de cookies Esta Pol\u00edtica de cookies explica qu\u00e9 son las cookies y c\u00f3mo las usamos. Debe leer esta pol\u00edtica para comprender qu\u00e9 son las cookies, c\u00f3mo las usamos, los tipos de cookies que usamos, es decir, la informaci\u00f3n que recopilamos usando cookies y c\u00f3mo se usa esa informaci\u00f3n y c\u00f3mo controlar [&hellip;]\" \/>\n<meta property=\"og:url\" content=\"https:\/\/www.triestebedandbreakfast.it\/es\/politica-de-cookies\/\" \/>\n<meta property=\"og:site_name\" content=\"Trieste Bed &amp; Breakfast\" \/>\n<meta property=\"article:modified_time\" content=\"2021-01-09T21:59:26+00:00\" \/>\n<meta name=\"twitter:card\" content=\"summary_large_image\" \/>\n<meta name=\"twitter:label1\" content=\"Tiempo de lectura\" \/>\n\t<meta name=\"twitter:data1\" content=\"4 minutos\" \/>\n<script type=\"application\/ld+json\" class=\"yoast-schema-graph\">{\"@context\":\"https:\/\/schema.org\",\"@graph\":[{\"@type\":\"WebPage\",\"@id\":\"https:\/\/www.triestebedandbreakfast.it\/es\/politica-de-cookies\/\",\"url\":\"https:\/\/www.triestebedandbreakfast.it\/es\/politica-de-cookies\/\",\"name\":\"Pol\u00edtica de cookies - Trieste Bed &amp; Breakfast\",\"isPartOf\":{\"@id\":\"https:\/\/www.triestebedandbreakfast.it\/es\/#website\"},\"datePublished\":\"2020-12-31T12:00:57+00:00\",\"dateModified\":\"2021-01-09T21:59:26+00:00\",\"breadcrumb\":{\"@id\":\"https:\/\/www.triestebedandbreakfast.it\/es\/politica-de-cookies\/#breadcrumb\"},\"inLanguage\":\"es\",\"potentialAction\":[{\"@type\":\"ReadAction\",\"target\":[\"https:\/\/www.triestebedandbreakfast.it\/es\/politica-de-cookies\/\"]}]},{\"@type\":\"BreadcrumbList\",\"@id\":\"https:\/\/www.triestebedandbreakfast.it\/es\/politica-de-cookies\/#breadcrumb\",\"itemListElement\":[{\"@type\":\"ListItem\",\"position\":1,\"name\":\"Home\",\"item\":\"https:\/\/www.triestebedandbreakfast.it\/es\/\"},{\"@type\":\"ListItem\",\"position\":2,\"name\":\"Pol\u00edtica de cookies\"}]},{\"@type\":\"WebSite\",\"@id\":\"https:\/\/www.triestebedandbreakfast.it\/es\/#website\",\"url\":\"https:\/\/www.triestebedandbreakfast.it\/es\/\",\"name\":\"Trieste Bed &amp; Breakfast\",\"description\":\"Accoglienza a Trieste\",\"potentialAction\":[{\"@type\":\"SearchAction\",\"target\":{\"@type\":\"EntryPoint\",\"urlTemplate\":\"https:\/\/www.triestebedandbreakfast.it\/es\/?s={search_term_string}\"},\"query-input\":{\"@type\":\"PropertyValueSpecification\",\"valueRequired\":true,\"valueName\":\"search_term_string\"}}],\"inLanguage\":\"es\"}]}<\/script>\n<!-- \/ Yoast SEO plugin. -->","yoast_head_json":{"title":"Pol\u00edtica de cookies - Trieste Bed &amp; Breakfast","robots":{"index":"index","follow":"follow","max-snippet":"max-snippet:-1","max-image-preview":"max-image-preview:large","max-video-preview":"max-video-preview:-1"},"canonical":"https:\/\/www.triestebedandbreakfast.it\/es\/politica-de-cookies\/","og_locale":"es_ES","og_type":"article","og_title":"Pol\u00edtica de cookies - Trieste Bed &amp; Breakfast","og_description":"Informaci\u00f3n sobre esta pol\u00edtica de cookies Esta Pol\u00edtica de cookies explica qu\u00e9 son las cookies y c\u00f3mo las usamos. Debe leer esta pol\u00edtica para comprender qu\u00e9 son las cookies, c\u00f3mo las usamos, los tipos de cookies que usamos, es decir, la informaci\u00f3n que recopilamos usando cookies y c\u00f3mo se usa esa informaci\u00f3n y c\u00f3mo controlar [&hellip;]","og_url":"https:\/\/www.triestebedandbreakfast.it\/es\/politica-de-cookies\/","og_site_name":"Trieste Bed &amp; Breakfast","article_modified_time":"2021-01-09T21:59:26+00:00","twitter_card":"summary_large_image","twitter_misc":{"Tiempo de lectura":"4 minutos"},"schema":{"@context":"https:\/\/schema.org","@graph":[{"@type":"WebPage","@id":"https:\/\/www.triestebedandbreakfast.it\/es\/politica-de-cookies\/","url":"https:\/\/www.triestebedandbreakfast.it\/es\/politica-de-cookies\/","name":"Pol\u00edtica de cookies - Trieste Bed &amp; Breakfast","isPartOf":{"@id":"https:\/\/www.triestebedandbreakfast.it\/es\/#website"},"datePublished":"2020-12-31T12:00:57+00:00","dateModified":"2021-01-09T21:59:26+00:00","breadcrumb":{"@id":"https:\/\/www.triestebedandbreakfast.it\/es\/politica-de-cookies\/#breadcrumb"},"inLanguage":"es","potentialAction":[{"@type":"ReadAction","target":["https:\/\/www.triestebedandbreakfast.it\/es\/politica-de-cookies\/"]}]},{"@type":"BreadcrumbList","@id":"https:\/\/www.triestebedandbreakfast.it\/es\/politica-de-cookies\/#breadcrumb","itemListElement":[{"@type":"ListItem","position":1,"name":"Home","item":"https:\/\/www.triestebedandbreakfast.it\/es\/"},{"@type":"ListItem","position":2,"name":"Pol\u00edtica de cookies"}]},{"@type":"WebSite","@id":"https:\/\/www.triestebedandbreakfast.it\/es\/#website","url":"https:\/\/www.triestebedandbreakfast.it\/es\/","name":"Trieste Bed &amp; Breakfast","description":"Accoglienza a Trieste","potentialAction":[{"@type":"SearchAction","target":{"@type":"EntryPoint","urlTemplate":"https:\/\/www.triestebedandbreakfast.it\/es\/?s={search_term_string}"},"query-input":{"@type":"PropertyValueSpecification","valueRequired":true,"valueName":"search_term_string"}}],"inLanguage":"es"}]}},"_links":{"self":[{"href":"https:\/\/www.triestebedandbreakfast.it\/es\/wp-json\/wp\/v2\/pages\/530","targetHints":{"allow":["GET"]}}],"collection":[{"href":"https:\/\/www.triestebedandbreakfast.it\/es\/wp-json\/wp\/v2\/pages"}],"about":[{"href":"https:\/\/www.triestebedandbreakfast.it\/es\/wp-json\/wp\/v2\/types\/page"}],"author":[{"embeddable":true,"href":"https:\/\/www.triestebedandbreakfast.it\/es\/wp-json\/wp\/v2\/users\/1"}],"replies":[{"embeddable":true,"href":"https:\/\/www.triestebedandbreakfast.it\/es\/wp-json\/wp\/v2\/comments?post=530"}],"version-history":[{"count":3,"href":"https:\/\/www.triestebedandbreakfast.it\/es\/wp-json\/wp\/v2\/pages\/530\/revisions"}],"predecessor-version":[{"id":715,"href":"https:\/\/www.triestebedandbreakfast.it\/es\/wp-json\/wp\/v2\/pages\/530\/revisions\/715"}],"wp:attachment":[{"href":"https:\/\/www.triestebedandbreakfast.it\/es\/wp-json\/wp\/v2\/media?parent=530"}],"wp:term":[{"taxonomy":"folder","embeddable":true,"href":"https:\/\/www.triestebedandbreakfast.it\/es\/wp-json\/wp\/v2\/folder?post=530"}],"curies":[{"name":"wp","href":"https:\/\/api.w.org\/{rel}","templated":true}]}}