{"id":507,"date":"2020-12-31T12:50:35","date_gmt":"2020-12-31T11:50:35","guid":{"rendered":"https:\/\/www.triestebedandbreakfast.it\/sobre-nosotros\/"},"modified":"2021-01-09T16:22:14","modified_gmt":"2021-01-09T15:22:14","slug":"sobre-nosotros","status":"publish","type":"page","link":"https:\/\/www.triestebedandbreakfast.it\/es\/sobre-nosotros\/","title":{"rendered":"Sobre nosotros"},"content":{"rendered":"<p>[et_pb_section fb_built=&#8221;1&#8243; admin_label=&#8221;Header&#8221; _builder_version=&#8221;4.7.7&#8243; use_background_color_gradient=&#8221;on&#8221; background_color_gradient_start=&#8221;rgba(13,71,161,0.51)&#8221; background_color_gradient_end=&#8221;rgba(255,255,255,0)&#8221; background_color_gradient_type=&#8221;radial&#8221; background_color_gradient_direction_radial=&#8221;top left&#8221; background_color_gradient_start_position=&#8221;30%&#8221; background_color_gradient_end_position=&#8221;80%&#8221; background_color_gradient_overlays_image=&#8221;on&#8221; background_image=&#8221;https:\/\/www.triestebedandbreakfast.it\/wp-content\/uploads\/2020\/12\/foto-esterno-bed-and-breakfast.jpg&#8221; custom_margin=&#8221;|||&#8221; custom_padding=&#8221;8vw|0px|0|0px|false|false&#8221; locked=&#8221;off&#8221;][et_pb_row _builder_version=&#8221;3.25&#8243;][et_pb_column type=&#8221;4_4&#8243; _builder_version=&#8221;3.25&#8243; custom_padding=&#8221;|||&#8221; custom_padding__hover=&#8221;|||&#8221;][et_pb_text _builder_version=&#8221;4.7.7&#8243; text_font=&#8221;Raleway|||on|||||&#8221; text_text_color=&#8221;#ffffff&#8221; text_font_size=&#8221;20px&#8221; text_letter_spacing=&#8221;5px&#8221; header_font=&#8221;Raleway|700|||||||&#8221; header_text_color=&#8221;#ffffff&#8221; header_font_size=&#8221;80px&#8221; header_line_height=&#8221;1.2em&#8221; header_5_font=&#8221;Raleway|700||on|||||&#8221; header_5_text_color=&#8221;#000000&#8243; header_5_font_size=&#8221;20px&#8221; header_5_letter_spacing=&#8221;0.5em&#8221; header_5_line_height=&#8221;1.8em&#8221; animation_style=&#8221;zoom&#8221; animation_intensity_zoom=&#8221;5%&#8221; header_font_size_tablet=&#8221;48px&#8221; header_font_size_phone=&#8221;32px&#8221; header_font_size_last_edited=&#8221;on|phone&#8221; header_5_font_size_tablet=&#8221;14px&#8221; header_5_font_size_phone=&#8221;12px&#8221; header_5_font_size_last_edited=&#8221;on|desktop&#8221; text_text_shadow_style=&#8221;preset1&#8243; text_text_shadow_color=&#8221;#000000&#8243; header_text_shadow_style=&#8221;preset1&#8243;]<\/p>\n<p>Sobre nosotros<\/p>\n<h1>B&amp;B<br \/>Aachen Furlan<\/h1>\n<p>[\/et_pb_text][\/et_pb_column][\/et_pb_row][et_pb_row column_structure=&#8221;1_3,1_3,1_3&#8243; use_custom_gutter=&#8221;on&#8221; gutter_width=&#8221;2&#8243; make_equal=&#8221;on&#8221; custom_padding_last_edited=&#8221;on|desktop&#8221; _builder_version=&#8221;3.25&#8243; background_color=&#8221;#ffffff&#8221; max_width=&#8221;90%&#8221; module_alignment=&#8221;left&#8221; custom_margin=&#8221;8vw||||false&#8221; custom_padding=&#8221;70px|40px|70px|15vw|true|false&#8221; custom_padding_tablet=&#8221;|||10vw&#8221; custom_padding_phone=&#8221;&#8221; animation_style=&#8221;slide&#8221; animation_direction=&#8221;left&#8221; animation_intensity_slide=&#8221;5%&#8221; use_custom_width=&#8221;on&#8221; width_unit=&#8221;off&#8221; custom_width_percent=&#8221;90%&#8221; locked=&#8221;off&#8221;][et_pb_column type=&#8221;1_3&#8243; _builder_version=&#8221;3.25&#8243; custom_padding=&#8221;|||&#8221; custom_padding_tablet=&#8221;40px|||&#8221; custom_padding_phone=&#8221;20px|||&#8221; custom_padding_last_edited=&#8221;off|desktop&#8221; padding_phone=&#8221;20px|||&#8221; padding_tablet=&#8221;40px|||&#8221; padding_last_edited=&#8221;off|desktop&#8221; custom_padding__hover=&#8221;|||&#8221;][et_pb_blurb title=&#8221;Trieste&#8221; use_icon=&#8221;on&#8221; font_icon=&#8221;%%249%%&#8221; icon_color=&#8221;#c3cfd6&#8243; icon_placement=&#8221;left&#8221; use_icon_font_size=&#8221;on&#8221; icon_font_size=&#8221;24px&#8221; _builder_version=&#8221;4.7.7&#8243; header_level=&#8221;h5&#8243; header_font=&#8221;Raleway|700|||||||&#8221; header_line_height=&#8221;1.4em&#8221;][\/et_pb_blurb][\/et_pb_column][et_pb_column type=&#8221;1_3&#8243; _builder_version=&#8221;3.25&#8243; custom_padding=&#8221;|||&#8221; custom_padding_tablet=&#8221;40px|||&#8221; custom_padding_phone=&#8221;20px|||&#8221; custom_padding_last_edited=&#8221;off|desktop&#8221; padding_phone=&#8221;20px|||&#8221; padding_tablet=&#8221;40px|||&#8221; padding_last_edited=&#8221;off|desktop&#8221; custom_padding__hover=&#8221;|||&#8221;][et_pb_blurb title=&#8221;3 dormitorios&#8221; use_icon=&#8221;on&#8221; font_icon=&#8221;%%236%%&#8221; icon_color=&#8221;#c3cfd6&#8243; icon_placement=&#8221;left&#8221; use_icon_font_size=&#8221;on&#8221; icon_font_size=&#8221;24px&#8221; _builder_version=&#8221;4.7.7&#8243; header_level=&#8221;h5&#8243; header_font=&#8221;Raleway|700|||||||&#8221; header_line_height=&#8221;1.4em&#8221;][\/et_pb_blurb][\/et_pb_column][et_pb_column type=&#8221;1_3&#8243; _builder_version=&#8221;3.25&#8243; custom_padding=&#8221;|||&#8221; custom_padding_tablet=&#8221;40px|||&#8221; custom_padding_phone=&#8221;20px|||&#8221; custom_padding_last_edited=&#8221;off|desktop&#8221; padding_phone=&#8221;20px|||&#8221; padding_tablet=&#8221;40px|||&#8221; padding_last_edited=&#8221;off|desktop&#8221; custom_padding__hover=&#8221;|||&#8221;][et_pb_blurb title=&#8221;50-70 \u20ac \/ noche&#8221; use_icon=&#8221;on&#8221; font_icon=&#8221;%%243%%&#8221; icon_color=&#8221;#c3cfd6&#8243; icon_placement=&#8221;left&#8221; use_icon_font_size=&#8221;on&#8221; icon_font_size=&#8221;24px&#8221; _builder_version=&#8221;4.7.7&#8243; header_level=&#8221;h5&#8243; header_font=&#8221;Raleway|700|||||||&#8221; header_line_height=&#8221;1.4em&#8221; locked=&#8221;off&#8221;][\/et_pb_blurb][\/et_pb_column][\/et_pb_row][\/et_pb_section][et_pb_section fb_built=&#8221;1&#8243; admin_label=&#8221;About&#8221; _builder_version=&#8221;4.7.7&#8243;][et_pb_row _builder_version=&#8221;3.25&#8243; locked=&#8221;off&#8221;][et_pb_column type=&#8221;4_4&#8243; _builder_version=&#8221;3.25&#8243; custom_padding=&#8221;|||&#8221; custom_padding__hover=&#8221;|||&#8221;][et_pb_text _builder_version=&#8221;4.7.7&#8243; text_font=&#8221;||||||||&#8221; text_line_height=&#8221;2em&#8221; header_font=&#8221;||||||||&#8221; header_2_font=&#8221;Raleway|700|||||||&#8221; header_2_font_size=&#8221;50px&#8221; header_2_line_height=&#8221;1.2em&#8221; header_6_font=&#8221;Raleway|700||on|||||&#8221; header_6_font_size=&#8221;16px&#8221; header_6_letter_spacing=&#8221;5px&#8221; header_6_line_height=&#8221;1.8em&#8221; text_orientation=&#8221;center&#8221; max_width=&#8221;700px&#8221; module_alignment=&#8221;center&#8221; header_2_font_size_tablet=&#8221;35px&#8221; header_2_font_size_phone=&#8221;25px&#8221; header_2_font_size_last_edited=&#8221;on|phone&#8221;]<\/p>\n<h6>B&amp;B<\/h6>\n<h2>Trieste, v\u00eda Battisti 24<\/h2>\n<p>El Aachen Furlan Bed and Breakfast est\u00e1 ubicado en un edificio de la \u00e9poca de los Habsburgo, en una de las principales calles centrales de Trieste, cerca del Giardino de Tommasini y el Teatro Rossetti.<\/p>\n<p>Un Bed and Breakfast es un alojamiento disponible en una casa privada y ofrece la oportunidad de experimentar la cultura y las tradiciones locales, y conversar con los hu\u00e9spedes en un ambiente familiar. Trieste Bed and Breakfast mantiene un est\u00e1ndar de comodidad y limpieza seg\u00fan lo definido por nuestras pautas.<\/p>\n<p>[\/et_pb_text][\/et_pb_column][\/et_pb_row][et_pb_row column_structure=&#8221;1_4,1_4,1_4,1_4&#8243; use_custom_gutter=&#8221;on&#8221; gutter_width=&#8221;2&#8243; _builder_version=&#8221;3.25&#8243;][et_pb_column type=&#8221;1_4&#8243; _builder_version=&#8221;3.25&#8243; custom_padding=&#8221;|||&#8221; custom_padding__hover=&#8221;|||&#8221;][et_pb_image src=&#8221;https:\/\/www.triestebedandbreakfast.it\/wp-content\/uploads\/2020\/12\/booking-trieste-room-2.jpg&#8221; alt=&#8221;Alojamiento y desayuno habitaci\u00f3n doble 2&#8243; title_text=&#8221;reserva-trieste-habitacion-2&#8243; show_in_lightbox=&#8221;on&#8221; use_overlay=&#8221;on&#8221; overlay_icon_color=&#8221;#b2b9c4&#8243; align_tablet=&#8221;center&#8221; align_phone=&#8221;&#8221; align_last_edited=&#8221;on|desktop&#8221; _builder_version=&#8221;4.7.7&#8243; locked=&#8221;off&#8221;][\/et_pb_image][\/et_pb_column][et_pb_column type=&#8221;1_4&#8243; _builder_version=&#8221;3.25&#8243; custom_padding=&#8221;|||&#8221; custom_padding__hover=&#8221;|||&#8221;][et_pb_image src=&#8221;https:\/\/www.triestebedandbreakfast.it\/wp-content\/uploads\/2020\/12\/booking-trieste-room-1.jpg&#8221; alt=&#8221;Bed and Brekfast doble habitacion&#8221; title_text=&#8221;reserva-trieste-habitacion-1&#8243; show_in_lightbox=&#8221;on&#8221; use_overlay=&#8221;on&#8221; overlay_icon_color=&#8221;#b2b9c4&#8243; align_tablet=&#8221;center&#8221; align_phone=&#8221;&#8221; align_last_edited=&#8221;on|desktop&#8221; _builder_version=&#8221;4.7.7&#8243; locked=&#8221;off&#8221;][\/et_pb_image][\/et_pb_column][et_pb_column type=&#8221;1_4&#8243; _builder_version=&#8221;3.25&#8243; custom_padding=&#8221;|||&#8221; custom_padding__hover=&#8221;|||&#8221;][et_pb_image src=&#8221;https:\/\/www.triestebedandbreakfast.it\/wp-content\/uploads\/2020\/12\/booking-trieste-room-3.jpg&#8221; alt=&#8221;Bed and Brekfast doble habitacion&#8221; title_text=&#8221;reserva-trieste-habitacion-3&#8243; show_in_lightbox=&#8221;on&#8221; use_overlay=&#8221;on&#8221; overlay_icon_color=&#8221;#b2b9c4&#8243; align_tablet=&#8221;center&#8221; align_phone=&#8221;&#8221; align_last_edited=&#8221;on|desktop&#8221; _builder_version=&#8221;4.7.7&#8243; locked=&#8221;off&#8221;][\/et_pb_image][\/et_pb_column][et_pb_column type=&#8221;1_4&#8243; _builder_version=&#8221;3.25&#8243; custom_padding=&#8221;|||&#8221; custom_padding__hover=&#8221;|||&#8221;][et_pb_image src=&#8221;https:\/\/www.triestebedandbreakfast.it\/wp-content\/uploads\/2020\/12\/breakfast-1.jpg&#8221; alt=&#8221;Desayuno Trieste bed And breakfast&#8221; title_text=&#8221;desayuno&#8221; show_in_lightbox=&#8221;on&#8221; use_overlay=&#8221;on&#8221; overlay_icon_color=&#8221;#b2b9c4&#8243; align_tablet=&#8221;center&#8221; align_phone=&#8221;&#8221; align_last_edited=&#8221;on|desktop&#8221; _builder_version=&#8221;4.7.7&#8243; locked=&#8221;off&#8221;][\/et_pb_image][\/et_pb_column][\/et_pb_row][\/et_pb_section][et_pb_section fb_built=&#8221;1&#8243; admin_label=&#8221;Alloggi e punti d&#8217;interesse&#8221; _builder_version=&#8221;4.7.7&#8243; use_background_color_gradient=&#8221;on&#8221; background_color_gradient_start=&#8221;rgba(13,71,161,0.75)&#8221; background_color_gradient_end=&#8221;rgba(38,46,53,0)&#8221; background_color_gradient_direction=&#8221;150deg&#8221; background_color_gradient_start_position=&#8221;25%&#8221; background_color_gradient_overlays_image=&#8221;on&#8221; background_image=&#8221;https:\/\/www.triestebedandbreakfast.it\/wp-content\/uploads\/2020\/12\/piazza-unita-wide.jpg&#8221; custom_padding=&#8221;8vw|0px|280px|0px|false|false&#8221; locked=&#8221;off&#8221;][et_pb_row column_structure=&#8221;1_2,1_6,1_6,1_6&#8243; _builder_version=&#8221;3.25&#8243; locked=&#8221;off&#8221;][et_pb_column type=&#8221;1_2&#8243; _builder_version=&#8221;3.25&#8243; custom_padding=&#8221;|||&#8221; custom_padding__hover=&#8221;|||&#8221;][et_pb_text _builder_version=&#8221;4.7.7&#8243; text_font=&#8221;||||||||&#8221; text_line_height=&#8221;2em&#8221; header_font=&#8221;||||||||&#8221; header_2_font=&#8221;Raleway|700|||||||&#8221; header_2_font_size=&#8221;50px&#8221; header_2_line_height=&#8221;1.2em&#8221; header_6_font=&#8221;Raleway|700||on|||||&#8221; header_6_font_size=&#8221;16px&#8221; header_6_letter_spacing=&#8221;5px&#8221; header_6_line_height=&#8221;1.8em&#8221; background_layout=&#8221;dark&#8221; max_width_tablet=&#8221;&#8221; max_width_phone=&#8221;&#8221; max_width_last_edited=&#8221;on|desktop&#8221; header_2_font_size_tablet=&#8221;35px&#8221; header_2_font_size_phone=&#8221;25px&#8221; header_2_font_size_last_edited=&#8221;on|phone&#8221; locked=&#8221;off&#8221;]<\/p>\n<h2>Alojamientos y puntos de inter\u00e9s<\/h2>\n<p>[\/et_pb_text][\/et_pb_column][et_pb_column type=&#8221;1_6&#8243; _builder_version=&#8221;3.25&#8243; custom_padding=&#8221;|||&#8221; custom_padding__hover=&#8221;|||&#8221;][et_pb_number_counter title=&#8221;Habitaciones&#8221; number=&#8221;3&#8243; percent_sign=&#8221;off&#8221; _builder_version=&#8221;4.7.7&#8243; title_font=&#8221;||||||||&#8221; title_font_size=&#8221;14px&#8221; number_font=&#8221;Raleway|700|||||||&#8221; number_text_color=&#8221;#ffffff&#8221; number_font_size=&#8221;48px&#8221; number_line_height=&#8221;100px&#8221; background_layout=&#8221;dark&#8221; number_text_shadow_style=&#8221;preset1&#8243; locked=&#8221;off&#8221;][\/et_pb_number_counter][\/et_pb_column][et_pb_column type=&#8221;1_6&#8243; _builder_version=&#8221;3.25&#8243; custom_padding=&#8221;|||&#8221; custom_padding__hover=&#8221;|||&#8221;][et_pb_number_counter title=&#8221;Ba\u00f1os&#8221; number=&#8221;3&#8243; percent_sign=&#8221;off&#8221; _builder_version=&#8221;4.7.7&#8243; title_font=&#8221;||||||||&#8221; title_font_size=&#8221;14px&#8221; number_font=&#8221;Raleway|700|||||||&#8221; number_text_color=&#8221;#ffffff&#8221; number_font_size=&#8221;48px&#8221; number_line_height=&#8221;100px&#8221; background_layout=&#8221;dark&#8221; number_text_shadow_style=&#8221;preset1&#8243; locked=&#8221;off&#8221;][\/et_pb_number_counter][\/et_pb_column][et_pb_column type=&#8221;1_6&#8243; _builder_version=&#8221;3.25&#8243; custom_padding=&#8221;|||&#8221; custom_padding__hover=&#8221;|||&#8221;][et_pb_number_counter title=&#8221;Invitados&#8221; number=&#8221;6&#8243; percent_sign=&#8221;off&#8221; _builder_version=&#8221;4.7.7&#8243; title_font=&#8221;||||||||&#8221; title_font_size=&#8221;14px&#8221; number_font=&#8221;Raleway|700|||||||&#8221; number_text_color=&#8221;#ffffff&#8221; number_font_size=&#8221;48px&#8221; number_line_height=&#8221;100px&#8221; background_layout=&#8221;dark&#8221; number_text_shadow_style=&#8221;preset1&#8243; locked=&#8221;off&#8221;][\/et_pb_number_counter][\/et_pb_column][\/et_pb_row][\/et_pb_section][et_pb_section fb_built=&#8221;1&#8243; disabled_on=&#8221;off|off|off&#8221; admin_label=&#8221;Punti d&#8217;interesse&#8221; _builder_version=&#8221;4.7.7&#8243; background_color=&#8221;#ffffff&#8221; max_width=&#8221;90%&#8221; max_width_tablet=&#8221;&#8221; max_width_phone=&#8221;100%&#8221; max_width_last_edited=&#8221;on|phone&#8221; custom_margin=&#8221;-160px|||&#8221; border_color_all=&#8221;#ffffff&#8221; border_width_left=&#8221;10vw&#8221; locked=&#8221;off&#8221;][et_pb_row _builder_version=&#8221;3.25&#8243; custom_margin=&#8221;||60px|&#8221; locked=&#8221;off&#8221;][et_pb_column type=&#8221;4_4&#8243; _builder_version=&#8221;3.25&#8243; custom_padding=&#8221;|||&#8221; custom_padding__hover=&#8221;|||&#8221;][et_pb_text _builder_version=&#8221;4.7.7&#8243; text_font=&#8221;||||||||&#8221; text_line_height=&#8221;2em&#8221; header_font=&#8221;||||||||&#8221; header_2_font=&#8221;Raleway|700|||||||&#8221; header_2_font_size=&#8221;50px&#8221; header_2_line_height=&#8221;1.2em&#8221; header_6_font=&#8221;Raleway|700||on|||||&#8221; header_6_font_size=&#8221;16px&#8221; header_6_letter_spacing=&#8221;5px&#8221; header_6_line_height=&#8221;1.8em&#8221; text_orientation=&#8221;center&#8221; max_width=&#8221;700px&#8221; module_alignment=&#8221;center&#8221; header_2_font_size_tablet=&#8221;35px&#8221; header_2_font_size_phone=&#8221;25px&#8221; header_2_font_size_last_edited=&#8221;on|phone&#8221;]<\/p>\n<p style=\"text-align: left;\">Cerca de la casa hay muchas l\u00edneas de colectivos hacia:<\/p>\n<ul>\n<li style=\"text-align: left;\">estaci\u00f3n de tren;<\/li>\n<li style=\"text-align: left;\">Universidad;<\/li>\n<li style=\"text-align: left;\">MIB &#8211; Escuela de Administraci\u00f3n;<\/li>\n<li style=\"text-align: left;\">Centro Internacional de F\u00edsica Te\u00f3rica del ICTP;<\/li>\n<li style=\"text-align: left;\">Escuela Internacional de Estudios Avanzados SISSA;<\/li>\n<li style=\"text-align: left;\">AREA Parque de las Ciencias;<\/li>\n<li style=\"text-align: left;\">Puerto;<\/li>\n<li style=\"text-align: left;\">Centro de Convenciones;<\/li>\n<li style=\"text-align: left;\">Paseo mar\u00edtimo de Barcola y Castillo de Miramare;<\/li>\n<li style=\"text-align: left;\">Meseta k\u00e1rstica.<\/li>\n<\/ul>\n<p>[\/et_pb_text][\/et_pb_column][\/et_pb_row][\/et_pb_section]<\/p>\n","protected":false},"excerpt":{"rendered":"<p>Sobre nosotros B&amp;BAachen FurlanB&amp;B Trieste, v\u00eda Battisti 24 El Aachen Furlan Bed and Breakfast est\u00e1 ubicado en un edificio de la \u00e9poca de los Habsburgo, en una de las principales calles centrales de Trieste, cerca del Giardino de Tommasini y el Teatro Rossetti. Un Bed and Breakfast es un alojamiento disponible en una casa privada [&hellip;]<\/p>\n","protected":false},"author":1,"featured_media":273,"parent":0,"menu_order":0,"comment_status":"closed","ping_status":"closed","template":"","meta":{"_et_pb_use_builder":"on","_et_pb_old_content":"","_et_gb_content_width":"","footnotes":""},"folder":[],"class_list":["post-507","page","type-page","status-publish","has-post-thumbnail","hentry"],"yoast_head":"<!-- This site is optimized with the Yoast SEO plugin v23.9 - https:\/\/yoast.com\/wordpress\/plugins\/seo\/ -->\n<title>El Bed &amp; Breakfast se encuentra en Trieste en via Battisti 24.<\/title>\n<meta name=\"description\" content=\"El Bed and Breakfast Aachen Furlan est\u00e1 ubicado en un edificio de \u00e9poca, en una de las principales calles centrales de Trieste, cerca del Teatro Rossetti.\" \/>\n<meta name=\"robots\" content=\"index, follow, max-snippet:-1, max-image-preview:large, max-video-preview:-1\" \/>\n<link rel=\"canonical\" href=\"https:\/\/www.triestebedandbreakfast.it\/es\/sobre-nosotros\/\" \/>\n<meta property=\"og:locale\" content=\"es_ES\" \/>\n<meta property=\"og:type\" content=\"article\" \/>\n<meta property=\"og:title\" content=\"El Bed &amp; Breakfast se encuentra en Trieste en via Battisti 24.\" \/>\n<meta property=\"og:description\" content=\"El Bed and Breakfast Aachen Furlan est\u00e1 ubicado en un edificio de \u00e9poca, en una de las principales calles centrales de Trieste, cerca del Teatro Rossetti.\" \/>\n<meta property=\"og:url\" content=\"https:\/\/www.triestebedandbreakfast.it\/es\/sobre-nosotros\/\" \/>\n<meta property=\"og:site_name\" content=\"Trieste Bed &amp; Breakfast\" \/>\n<meta property=\"article:modified_time\" content=\"2021-01-09T15:22:14+00:00\" \/>\n<meta property=\"og:image\" content=\"https:\/\/www.triestebedandbreakfast.it\/wp-content\/uploads\/2020\/12\/foto-esterno-bed-and-breakfast.jpg\" \/>\n\t<meta property=\"og:image:width\" content=\"950\" \/>\n\t<meta property=\"og:image:height\" content=\"425\" \/>\n\t<meta property=\"og:image:type\" content=\"image\/jpeg\" \/>\n<meta name=\"twitter:card\" content=\"summary_large_image\" \/>\n<meta name=\"twitter:label1\" content=\"Tiempo de lectura\" \/>\n\t<meta name=\"twitter:data1\" content=\"8 minutos\" \/>\n<script type=\"application\/ld+json\" class=\"yoast-schema-graph\">{\"@context\":\"https:\/\/schema.org\",\"@graph\":[{\"@type\":\"WebPage\",\"@id\":\"https:\/\/www.triestebedandbreakfast.it\/es\/sobre-nosotros\/\",\"url\":\"https:\/\/www.triestebedandbreakfast.it\/es\/sobre-nosotros\/\",\"name\":\"El Bed & Breakfast se encuentra en Trieste en via Battisti 24.\",\"isPartOf\":{\"@id\":\"https:\/\/www.triestebedandbreakfast.it\/es\/#website\"},\"primaryImageOfPage\":{\"@id\":\"https:\/\/www.triestebedandbreakfast.it\/es\/sobre-nosotros\/#primaryimage\"},\"image\":{\"@id\":\"https:\/\/www.triestebedandbreakfast.it\/es\/sobre-nosotros\/#primaryimage\"},\"thumbnailUrl\":\"https:\/\/www.triestebedandbreakfast.it\/wp-content\/uploads\/2020\/12\/foto-esterno-bed-and-breakfast.jpg\",\"datePublished\":\"2020-12-31T11:50:35+00:00\",\"dateModified\":\"2021-01-09T15:22:14+00:00\",\"description\":\"El Bed and Breakfast Aachen Furlan est\u00e1 ubicado en un edificio de \u00e9poca, en una de las principales calles centrales de Trieste, cerca del Teatro Rossetti.\",\"breadcrumb\":{\"@id\":\"https:\/\/www.triestebedandbreakfast.it\/es\/sobre-nosotros\/#breadcrumb\"},\"inLanguage\":\"es\",\"potentialAction\":[{\"@type\":\"ReadAction\",\"target\":[\"https:\/\/www.triestebedandbreakfast.it\/es\/sobre-nosotros\/\"]}]},{\"@type\":\"ImageObject\",\"inLanguage\":\"es\",\"@id\":\"https:\/\/www.triestebedandbreakfast.it\/es\/sobre-nosotros\/#primaryimage\",\"url\":\"https:\/\/www.triestebedandbreakfast.it\/wp-content\/uploads\/2020\/12\/foto-esterno-bed-and-breakfast.jpg\",\"contentUrl\":\"https:\/\/www.triestebedandbreakfast.it\/wp-content\/uploads\/2020\/12\/foto-esterno-bed-and-breakfast.jpg\",\"width\":950,\"height\":425,\"caption\":\"Fotos externas Bed and Breakfast\"},{\"@type\":\"BreadcrumbList\",\"@id\":\"https:\/\/www.triestebedandbreakfast.it\/es\/sobre-nosotros\/#breadcrumb\",\"itemListElement\":[{\"@type\":\"ListItem\",\"position\":1,\"name\":\"Home\",\"item\":\"https:\/\/www.triestebedandbreakfast.it\/es\/\"},{\"@type\":\"ListItem\",\"position\":2,\"name\":\"Sobre nosotros\"}]},{\"@type\":\"WebSite\",\"@id\":\"https:\/\/www.triestebedandbreakfast.it\/es\/#website\",\"url\":\"https:\/\/www.triestebedandbreakfast.it\/es\/\",\"name\":\"Trieste Bed &amp; Breakfast\",\"description\":\"Accoglienza a Trieste\",\"potentialAction\":[{\"@type\":\"SearchAction\",\"target\":{\"@type\":\"EntryPoint\",\"urlTemplate\":\"https:\/\/www.triestebedandbreakfast.it\/es\/?s={search_term_string}\"},\"query-input\":{\"@type\":\"PropertyValueSpecification\",\"valueRequired\":true,\"valueName\":\"search_term_string\"}}],\"inLanguage\":\"es\"}]}<\/script>\n<!-- \/ Yoast SEO plugin. -->","yoast_head_json":{"title":"El Bed & Breakfast se encuentra en Trieste en via Battisti 24.","description":"El Bed and Breakfast Aachen Furlan est\u00e1 ubicado en un edificio de \u00e9poca, en una de las principales calles centrales de Trieste, cerca del Teatro Rossetti.","robots":{"index":"index","follow":"follow","max-snippet":"max-snippet:-1","max-image-preview":"max-image-preview:large","max-video-preview":"max-video-preview:-1"},"canonical":"https:\/\/www.triestebedandbreakfast.it\/es\/sobre-nosotros\/","og_locale":"es_ES","og_type":"article","og_title":"El Bed & Breakfast se encuentra en Trieste en via Battisti 24.","og_description":"El Bed and Breakfast Aachen Furlan est\u00e1 ubicado en un edificio de \u00e9poca, en una de las principales calles centrales de Trieste, cerca del Teatro Rossetti.","og_url":"https:\/\/www.triestebedandbreakfast.it\/es\/sobre-nosotros\/","og_site_name":"Trieste Bed &amp; Breakfast","article_modified_time":"2021-01-09T15:22:14+00:00","og_image":[{"width":950,"height":425,"url":"https:\/\/www.triestebedandbreakfast.it\/wp-content\/uploads\/2020\/12\/foto-esterno-bed-and-breakfast.jpg","type":"image\/jpeg"}],"twitter_card":"summary_large_image","twitter_misc":{"Tiempo de lectura":"8 minutos"},"schema":{"@context":"https:\/\/schema.org","@graph":[{"@type":"WebPage","@id":"https:\/\/www.triestebedandbreakfast.it\/es\/sobre-nosotros\/","url":"https:\/\/www.triestebedandbreakfast.it\/es\/sobre-nosotros\/","name":"El Bed & Breakfast se encuentra en Trieste en via Battisti 24.","isPartOf":{"@id":"https:\/\/www.triestebedandbreakfast.it\/es\/#website"},"primaryImageOfPage":{"@id":"https:\/\/www.triestebedandbreakfast.it\/es\/sobre-nosotros\/#primaryimage"},"image":{"@id":"https:\/\/www.triestebedandbreakfast.it\/es\/sobre-nosotros\/#primaryimage"},"thumbnailUrl":"https:\/\/www.triestebedandbreakfast.it\/wp-content\/uploads\/2020\/12\/foto-esterno-bed-and-breakfast.jpg","datePublished":"2020-12-31T11:50:35+00:00","dateModified":"2021-01-09T15:22:14+00:00","description":"El Bed and Breakfast Aachen Furlan est\u00e1 ubicado en un edificio de \u00e9poca, en una de las principales calles centrales de Trieste, cerca del Teatro Rossetti.","breadcrumb":{"@id":"https:\/\/www.triestebedandbreakfast.it\/es\/sobre-nosotros\/#breadcrumb"},"inLanguage":"es","potentialAction":[{"@type":"ReadAction","target":["https:\/\/www.triestebedandbreakfast.it\/es\/sobre-nosotros\/"]}]},{"@type":"ImageObject","inLanguage":"es","@id":"https:\/\/www.triestebedandbreakfast.it\/es\/sobre-nosotros\/#primaryimage","url":"https:\/\/www.triestebedandbreakfast.it\/wp-content\/uploads\/2020\/12\/foto-esterno-bed-and-breakfast.jpg","contentUrl":"https:\/\/www.triestebedandbreakfast.it\/wp-content\/uploads\/2020\/12\/foto-esterno-bed-and-breakfast.jpg","width":950,"height":425,"caption":"Fotos externas Bed and Breakfast"},{"@type":"BreadcrumbList","@id":"https:\/\/www.triestebedandbreakfast.it\/es\/sobre-nosotros\/#breadcrumb","itemListElement":[{"@type":"ListItem","position":1,"name":"Home","item":"https:\/\/www.triestebedandbreakfast.it\/es\/"},{"@type":"ListItem","position":2,"name":"Sobre nosotros"}]},{"@type":"WebSite","@id":"https:\/\/www.triestebedandbreakfast.it\/es\/#website","url":"https:\/\/www.triestebedandbreakfast.it\/es\/","name":"Trieste Bed &amp; Breakfast","description":"Accoglienza a Trieste","potentialAction":[{"@type":"SearchAction","target":{"@type":"EntryPoint","urlTemplate":"https:\/\/www.triestebedandbreakfast.it\/es\/?s={search_term_string}"},"query-input":{"@type":"PropertyValueSpecification","valueRequired":true,"valueName":"search_term_string"}}],"inLanguage":"es"}]}},"_links":{"self":[{"href":"https:\/\/www.triestebedandbreakfast.it\/es\/wp-json\/wp\/v2\/pages\/507","targetHints":{"allow":["GET"]}}],"collection":[{"href":"https:\/\/www.triestebedandbreakfast.it\/es\/wp-json\/wp\/v2\/pages"}],"about":[{"href":"https:\/\/www.triestebedandbreakfast.it\/es\/wp-json\/wp\/v2\/types\/page"}],"author":[{"embeddable":true,"href":"https:\/\/www.triestebedandbreakfast.it\/es\/wp-json\/wp\/v2\/users\/1"}],"replies":[{"embeddable":true,"href":"https:\/\/www.triestebedandbreakfast.it\/es\/wp-json\/wp\/v2\/comments?post=507"}],"version-history":[{"count":6,"href":"https:\/\/www.triestebedandbreakfast.it\/es\/wp-json\/wp\/v2\/pages\/507\/revisions"}],"predecessor-version":[{"id":643,"href":"https:\/\/www.triestebedandbreakfast.it\/es\/wp-json\/wp\/v2\/pages\/507\/revisions\/643"}],"wp:featuredmedia":[{"embeddable":true,"href":"https:\/\/www.triestebedandbreakfast.it\/es\/wp-json\/wp\/v2\/media\/273"}],"wp:attachment":[{"href":"https:\/\/www.triestebedandbreakfast.it\/es\/wp-json\/wp\/v2\/media?parent=507"}],"wp:term":[{"taxonomy":"folder","embeddable":true,"href":"https:\/\/www.triestebedandbreakfast.it\/es\/wp-json\/wp\/v2\/folder?post=507"}],"curies":[{"name":"wp","href":"https:\/\/api.w.org\/{rel}","templated":true}]}}